{"id":1389,"date":"2025-09-01T20:26:37","date_gmt":"2025-09-01T18:26:37","guid":{"rendered":"https:\/\/groundroastery.com\/?post_type=product&#038;p=1389"},"modified":"2026-02-26T23:00:40","modified_gmt":"2026-02-26T22:00:40","slug":"ajandekutalvany","status":"publish","type":"product","link":"https:\/\/groundroastery.com\/en\/product\/ajandekutalvany\/","title":{"rendered":"Gift voucher"},"content":{"rendered":"<p>Lepd meg szerettedet aj\u00e1nd\u00e9kutalv\u00e1nnyal, \u00e9s hagyd, hogy \u0150 d\u00f6ntse el, melyik k\u00e1v\u00e9 \u00edzlik neki a legjobban!<br \/>\nAz aj\u00e1nd\u00e9kutalv\u00e1ny felhaszn\u00e1lhat\u00f3 b\u00e1rmely webshopunkban tal\u00e1lhat\u00f3 term\u00e9kre \u00e9s p\u00f6rk\u00f6l\u0151l\u00e1togat\u00e1s esem\u00e9nyeinkre is.<br \/>\nK\u00e9rheted online kuponk\u00f3d form\u00e1j\u00e1ban, vagy fizikai aj\u00e1nd\u00e9kk\u00e1rtyak\u00e9nt egyar\u00e1nt.<\/p>","protected":false},"excerpt":{"rendered":"<p>Lepd meg szerettedet aj\u00e1nd\u00e9kutalv\u00e1nnyal, \u00e9s hagyd, hogy \u0150 d\u00f6ntse el, melyik k\u00e1v\u00e9 \u00edzlik neki a legjobban!<br \/>\nAz aj\u00e1nd\u00e9kutalv\u00e1ny felhaszn\u00e1lhat\u00f3 b\u00e1rmely webshopunkban tal\u00e1lhat\u00f3 term\u00e9kre \u00e9s p\u00f6rk\u00f6l\u0151l\u00e1togat\u00e1s esem\u00e9nyeinkre is.<br \/>\nK\u00e9rheted online kuponk\u00f3d form\u00e1j\u00e1ban, vagy fizikai aj\u00e1nd\u00e9kk\u00e1rtyak\u00e9nt egyar\u00e1nt.<\/p>","protected":false},"featured_media":1399,"comment_status":"closed","ping_status":"closed","template":"","meta":{"_acf_changed":false,"_monsterinsights_skip_tracking":false,"_monsterinsights_sitenote_active":false,"_monsterinsights_sitenote_note":"","_monsterinsights_sitenote_category":0},"elerheto":[44],"product_brand":[],"product_cat":[16],"product_tag":[56],"class_list":{"0":"post-1389","1":"product","2":"type-product","3":"status-publish","4":"has-post-thumbnail","6":"elerheto-elerheto","7":"product_cat-egyeb","8":"product_tag-egyeb","10":"first","11":"instock","12":"taxable","13":"shipping-taxable","14":"purchasable","15":"product-type-variable"},"acf":[],"jetpack_sharing_enabled":true,"_links":{"self":[{"href":"https:\/\/groundroastery.com\/en\/wp-json\/wp\/v2\/product\/1389","targetHints":{"allow":["GET"]}}],"collection":[{"href":"https:\/\/groundroastery.com\/en\/wp-json\/wp\/v2\/product"}],"about":[{"href":"https:\/\/groundroastery.com\/en\/wp-json\/wp\/v2\/types\/product"}],"replies":[{"embeddable":true,"href":"https:\/\/groundroastery.com\/en\/wp-json\/wp\/v2\/comments?post=1389"}],"wp:featuredmedia":[{"embeddable":true,"href":"https:\/\/groundroastery.com\/en\/wp-json\/wp\/v2\/media\/1399"}],"wp:attachment":[{"href":"https:\/\/groundroastery.com\/en\/wp-json\/wp\/v2\/media?parent=1389"}],"wp:term":[{"taxonomy":"elerheto","embeddable":true,"href":"https:\/\/groundroastery.com\/en\/wp-json\/wp\/v2\/elerheto?post=1389"},{"taxonomy":"product_brand","embeddable":true,"href":"https:\/\/groundroastery.com\/en\/wp-json\/wp\/v2\/product_brand?post=1389"},{"taxonomy":"product_cat","embeddable":true,"href":"https:\/\/groundroastery.com\/en\/wp-json\/wp\/v2\/product_cat?post=1389"},{"taxonomy":"product_tag","embeddable":true,"href":"https:\/\/groundroastery.com\/en\/wp-json\/wp\/v2\/product_tag?post=1389"}],"curies":[{"name":"wp","href":"https:\/\/api.w.org\/{rel}","templated":true}]}}