{"id":1420,"date":"2025-09-14T22:36:55","date_gmt":"2025-09-14T20:36:55","guid":{"rendered":"https:\/\/groundroastery.com\/?post_type=product&#038;p=1420"},"modified":"2026-05-01T08:59:41","modified_gmt":"2026-05-01T07:59:41","slug":"daily-drip-fino-brazil","status":"publish","type":"product","link":"https:\/\/groundroastery.com\/en\/product\/daily-drip-fino-brazil\/","title":{"rendered":"DAILY DRIP | FINO | BRAZIL"},"content":{"rendered":"<p><span style=\"font-weight: 400;\">Our Fino 100% Arabica coffee has rich chocolate and cocoa flavours and a silky texture. Its balanced and smooth character makes it the ideal choice for lovers of classic flavours who want a more refined experience.<\/span><\/p>\n<p><strong>Our Daily Drip coffee range offers darker roasted, bold coffees that give you a real boost to start your day. If you're looking for classic, intense flavours, this is the perfect choice for you.<\/strong><\/p>","protected":false},"excerpt":{"rendered":"<p>Fino 100% arabica k\u00e1v\u00e9nk gazdag csokol\u00e1d\u00e9s \u00e9s kaka\u00f3s \u00edzjegyekkel, selymes text\u00far\u00e1val. Kiegyens\u00falyozott \u00e9s l\u00e1gy karaktere ide\u00e1lis v\u00e1laszt\u00e1s a klasszikus \u00edzek kedvel\u0151inek, akik egy kifinomultabb \u00e9lm\u00e9nyre v\u00e1gynak. Daily Drip k\u00e1v\u00e9csal\u00e1dunk s\u00f6t\u00e9tebb p\u00f6rk\u00f6l\u00e9s\u0171, mark\u00e1ns k\u00e1v\u00e9kat k\u00edn\u00e1l, amelyek igazi lend\u00fcletet adnak a nap ind\u00edt\u00e1s\u00e1hoz. Ha a klasszikus, intenz\u00edv \u00edzeket keresed, ez a t\u00f6k\u00e9letes v\u00e1laszt\u00e1s sz\u00e1modra.<\/p>","protected":false},"featured_media":1424,"comment_status":"closed","ping_status":"closed","template":"","meta":{"_acf_changed":false,"_monsterinsights_skip_tracking":false,"_monsterinsights_sitenote_active":false,"_monsterinsights_sitenote_note":"","_monsterinsights_sitenote_category":0},"elerheto":[],"product_brand":[],"product_cat":[36],"product_tag":[54],"class_list":{"0":"post-1420","1":"product","2":"type-product","3":"status-publish","4":"has-post-thumbnail","6":"product_cat-daily-drip","7":"product_tag-espresso","9":"first","10":"instock","11":"taxable","12":"shipping-taxable","13":"purchasable","14":"product-type-variable"},"acf":[],"jetpack_sharing_enabled":true,"_links":{"self":[{"href":"https:\/\/groundroastery.com\/en\/wp-json\/wp\/v2\/product\/1420","targetHints":{"allow":["GET"]}}],"collection":[{"href":"https:\/\/groundroastery.com\/en\/wp-json\/wp\/v2\/product"}],"about":[{"href":"https:\/\/groundroastery.com\/en\/wp-json\/wp\/v2\/types\/product"}],"replies":[{"embeddable":true,"href":"https:\/\/groundroastery.com\/en\/wp-json\/wp\/v2\/comments?post=1420"}],"wp:featuredmedia":[{"embeddable":true,"href":"https:\/\/groundroastery.com\/en\/wp-json\/wp\/v2\/media\/1424"}],"wp:attachment":[{"href":"https:\/\/groundroastery.com\/en\/wp-json\/wp\/v2\/media?parent=1420"}],"wp:term":[{"taxonomy":"elerheto","embeddable":true,"href":"https:\/\/groundroastery.com\/en\/wp-json\/wp\/v2\/elerheto?post=1420"},{"taxonomy":"product_brand","embeddable":true,"href":"https:\/\/groundroastery.com\/en\/wp-json\/wp\/v2\/product_brand?post=1420"},{"taxonomy":"product_cat","embeddable":true,"href":"https:\/\/groundroastery.com\/en\/wp-json\/wp\/v2\/product_cat?post=1420"},{"taxonomy":"product_tag","embeddable":true,"href":"https:\/\/groundroastery.com\/en\/wp-json\/wp\/v2\/product_tag?post=1420"}],"curies":[{"name":"wp","href":"https:\/\/api.w.org\/{rel}","templated":true}]}}