{"id":1727,"date":"2026-04-27T09:31:35","date_gmt":"2026-04-27T08:31:35","guid":{"rendered":"https:\/\/groundroastery.com\/?post_type=product&#038;p=1727"},"modified":"2026-04-27T09:51:19","modified_gmt":"2026-04-27T08:51:19","slug":"flavour-fusion-brazil-guatemala","status":"publish","type":"product","link":"https:\/\/groundroastery.com\/en\/product\/flavour-fusion-brazil-guatemala\/","title":{"rendered":"FLAVOUR FUSION | BRAZIL &#8211; GUATEMALA"},"content":{"rendered":"<p><span style=\"font-weight: 400;\">This 70-30% blend is based on our Brazilian Fino coffee, which provides a solid foundation with its chocolatey, silky texture. This is complemented by the Blue Ayarza Guatemalan single-origin coffee, which offers playful flavors: notes of cherry candy, soft milk caramel, and delicate elderflower can be detected. Together, they create a refined yet vibrant harmony.<\/span><\/p>\n<p><strong>Our Flavour Fusion coffee range combines different specialty coffees to create a uniquely rich flavour profile. The result of this fusion is a special flavour profile that offers a new experience with every sip.<\/strong><\/p>","protected":false},"excerpt":{"rendered":"<p>A 70-30% ar\u00e1ny\u00fa blend alapja Fino brazil k\u00e1v\u00e9nk, amely csokol\u00e1d\u00e9s, selymes text\u00far\u00e1val teremti meg a stabil alapot. Ehhez csatlakozik a Blue Ayarza guatemalai sz\u00e1raz t\u00e9tel, amely j\u00e1t\u00e9kos \u00edzeket hordoz: csereszny\u00e9s cukorka, l\u00e1gy tejkaramella \u00e9s finom bodzavir\u00e1gos jegyek fedezhet\u0151k fel benne. Egy\u00fctt kifinomult, m\u00e9gis vibr\u00e1l\u00f3 harm\u00f3ni\u00e1t alkotnak. Flavour Fusion k\u00e1v\u00e9 csal\u00e1dunkban k\u00fcl\u00f6nb\u00f6z\u0151 specialty k\u00e1v\u00e9kat \u00f6tv\u00f6z\u00fcnk, hogy [&hellip;]<\/p>\n","protected":false},"featured_media":1730,"comment_status":"closed","ping_status":"closed","template":"","meta":{"_acf_changed":false,"_monsterinsights_skip_tracking":false,"_monsterinsights_sitenote_active":false,"_monsterinsights_sitenote_note":"","_monsterinsights_sitenote_category":0},"elerheto":[],"product_brand":[],"product_cat":[37],"product_tag":[54],"class_list":{"0":"post-1727","1":"product","2":"type-product","3":"status-publish","4":"has-post-thumbnail","6":"product_cat-flavour-fusion","7":"product_tag-espresso","9":"first","10":"instock","11":"taxable","12":"shipping-taxable","13":"purchasable","14":"product-type-variable"},"acf":[],"jetpack_sharing_enabled":true,"_links":{"self":[{"href":"https:\/\/groundroastery.com\/en\/wp-json\/wp\/v2\/product\/1727","targetHints":{"allow":["GET"]}}],"collection":[{"href":"https:\/\/groundroastery.com\/en\/wp-json\/wp\/v2\/product"}],"about":[{"href":"https:\/\/groundroastery.com\/en\/wp-json\/wp\/v2\/types\/product"}],"replies":[{"embeddable":true,"href":"https:\/\/groundroastery.com\/en\/wp-json\/wp\/v2\/comments?post=1727"}],"wp:featuredmedia":[{"embeddable":true,"href":"https:\/\/groundroastery.com\/en\/wp-json\/wp\/v2\/media\/1730"}],"wp:attachment":[{"href":"https:\/\/groundroastery.com\/en\/wp-json\/wp\/v2\/media?parent=1727"}],"wp:term":[{"taxonomy":"elerheto","embeddable":true,"href":"https:\/\/groundroastery.com\/en\/wp-json\/wp\/v2\/elerheto?post=1727"},{"taxonomy":"product_brand","embeddable":true,"href":"https:\/\/groundroastery.com\/en\/wp-json\/wp\/v2\/product_brand?post=1727"},{"taxonomy":"product_cat","embeddable":true,"href":"https:\/\/groundroastery.com\/en\/wp-json\/wp\/v2\/product_cat?post=1727"},{"taxonomy":"product_tag","embeddable":true,"href":"https:\/\/groundroastery.com\/en\/wp-json\/wp\/v2\/product_tag?post=1727"}],"curies":[{"name":"wp","href":"https:\/\/api.w.org\/{rel}","templated":true}]}}