{"id":243,"date":"2025-04-27T21:10:59","date_gmt":"2025-04-27T21:10:59","guid":{"rendered":"https:\/\/groundroastery.com\/?post_type=product&#038;p=243"},"modified":"2026-04-30T10:55:40","modified_gmt":"2026-04-30T09:55:40","slug":"daily-drip-365-brazil","status":"publish","type":"product","link":"https:\/\/groundroastery.com\/en\/product\/daily-drip-365-brazil\/","title":{"rendered":"Daily Drip | 365 | BRAZIL"},"content":{"rendered":"<p><span style=\"font-weight: 400;\">Our 365 coffee blend was created for those who enjoy classic flavours. It is a blend of 80% Brazilian Arabica and 20% Brazilian Robusta coffees, which creates perfect harmony in both milk-based drinks and espresso. We highly recommend it for automatic coffee machines.<\/span><\/p>\n<p><strong>Our Daily Drip coffee range offers darker roasted, bold coffees that give you a real boost to start your day. If you're looking for classic, intense flavours, this is the perfect choice for you.<\/strong><\/p>","protected":false},"excerpt":{"rendered":"<p>365 k\u00e1v\u00e9kever\u00e9k\u00fcnket a klasszikus \u00edzvil\u00e1g kedvel\u0151inek alkottuk meg. 80% brazil arabica \u00e9s 20% brazil robusta k\u00e1v\u00e9k \u00f6tv\u00f6zete, amely t\u00f6k\u00e9letes harm\u00f3ni\u00e1t teremt tejes italokban \u00e9s eszpressz\u00f3k\u00e9nt egyar\u00e1nt. Kifejezetten aj\u00e1nljuk automata k\u00e1v\u00e9g\u00e9pekhez. Daily Drip k\u00e1v\u00e9csal\u00e1dunk s\u00f6t\u00e9tebb p\u00f6rk\u00f6l\u00e9s\u0171, mark\u00e1ns k\u00e1v\u00e9kat k\u00edn\u00e1l, amelyek igazi lend\u00fcletet adnak a nap ind\u00edt\u00e1s\u00e1hoz. Ha a klasszikus, intenz\u00edv \u00edzeket keresed, ez a t\u00f6k\u00e9letes v\u00e1laszt\u00e1s [&hellip;]<\/p>\n","protected":false},"featured_media":469,"comment_status":"closed","ping_status":"closed","template":"","meta":{"_acf_changed":false,"_monsterinsights_skip_tracking":false,"_monsterinsights_sitenote_active":false,"_monsterinsights_sitenote_note":"","_monsterinsights_sitenote_category":0},"elerheto":[46],"product_brand":[],"product_cat":[36],"product_tag":[54],"class_list":{"0":"post-243","1":"product","2":"type-product","3":"status-publish","4":"has-post-thumbnail","6":"elerheto-rendelheto","7":"product_cat-daily-drip","8":"product_tag-espresso","10":"first","11":"instock","12":"taxable","13":"shipping-taxable","14":"purchasable","15":"product-type-variable"},"acf":[],"jetpack_sharing_enabled":true,"_links":{"self":[{"href":"https:\/\/groundroastery.com\/en\/wp-json\/wp\/v2\/product\/243","targetHints":{"allow":["GET"]}}],"collection":[{"href":"https:\/\/groundroastery.com\/en\/wp-json\/wp\/v2\/product"}],"about":[{"href":"https:\/\/groundroastery.com\/en\/wp-json\/wp\/v2\/types\/product"}],"replies":[{"embeddable":true,"href":"https:\/\/groundroastery.com\/en\/wp-json\/wp\/v2\/comments?post=243"}],"wp:featuredmedia":[{"embeddable":true,"href":"https:\/\/groundroastery.com\/en\/wp-json\/wp\/v2\/media\/469"}],"wp:attachment":[{"href":"https:\/\/groundroastery.com\/en\/wp-json\/wp\/v2\/media?parent=243"}],"wp:term":[{"taxonomy":"elerheto","embeddable":true,"href":"https:\/\/groundroastery.com\/en\/wp-json\/wp\/v2\/elerheto?post=243"},{"taxonomy":"product_brand","embeddable":true,"href":"https:\/\/groundroastery.com\/en\/wp-json\/wp\/v2\/product_brand?post=243"},{"taxonomy":"product_cat","embeddable":true,"href":"https:\/\/groundroastery.com\/en\/wp-json\/wp\/v2\/product_cat?post=243"},{"taxonomy":"product_tag","embeddable":true,"href":"https:\/\/groundroastery.com\/en\/wp-json\/wp\/v2\/product_tag?post=243"}],"curies":[{"name":"wp","href":"https:\/\/api.w.org\/{rel}","templated":true}]}}