{"id":329,"date":"2025-04-28T07:50:38","date_gmt":"2025-04-28T07:50:38","guid":{"rendered":"https:\/\/groundroastery.com\/?post_type=product&#038;p=329"},"modified":"2026-04-15T20:30:21","modified_gmt":"2026-04-15T19:30:21","slug":"royal-roast-edelweiss-tanzania","status":"publish","type":"product","link":"https:\/\/groundroastery.com\/en\/product\/royal-roast-edelweiss-tanzania\/","title":{"rendered":"ROYAL ROAST | EDELWEISS | TANZANIA"},"content":{"rendered":"<p><span style=\"font-weight: 400;\">This washed, pre-fermented Tanzanian coffee comes from the Edelweiss Estate farm, located on the edge of the Ngorongoro Conservation Area at an elevation of 1,650\u20131,820 meters. During the careful processing of the Bourbon and Kent varieties, the cherries are pre-fermented, then, after full-washed processing, dried in the sun on African beds. In the cup, fruity, silky notes emerge: delicate caramel, black tea, and subtle gooseberry flavors. With its elegant, refined character and espresso-roasted profile, it offers an exceptional Tanzanian coffee experience.<\/span><\/p>\n<p><strong>Data:<\/strong><\/p>\n<ul>\n<li>Profile: Espresso<\/li>\n<li>Region: Ngorongoro Crater<\/li>\n<li>Producer: Edelweiss Estate<\/li>\n<li>Variant: Bourbon, Kent<\/li>\n<li>Altitude above sea level: 1650\u20131820 m<\/li>\n<li>Procedure: Washed processing<\/li>\n<li>Flavours: Caramel, black tea, gooseberry<\/li>\n<\/ul>","protected":false},"excerpt":{"rendered":"<p>Kifinomult, m\u00e9gis vibr\u00e1l\u00f3 \u2013 ez a rwandai filterk\u00e1v\u00e9 igazi felfedez\u00e9s. A mosott t\u00e9tel eleg\u00e1ns tejcsokol\u00e1d\u00e9s alapot k\u00edn\u00e1l, amit vir\u00e1gos jegyek \u00e9s \u00e9l\u00e9nk citrusos frissess\u00e9g eg\u00e9sz\u00edt ki. Tiszta, komplex \u00e9s gy\u00f6ny\u00f6r\u0171en kiegyens\u00falyozott \u2013 filter szerelmeseinek k\u00f6telez\u0151 darab.<\/p>\n<p>Adatok<\/p>\n<p>Profile: Filter<\/p>\n<p>Region: Nyamasheke<br \/>\nProducer: Group of local producers<br \/>\nVariant: Red bourbon<br \/>\nAltitude above sea level: 1830m<br \/>\nProcedure: Washed processing<br \/>\nFlavor notes: Milk chocolate, flowers, citrus<\/p>","protected":false},"featured_media":1719,"comment_status":"closed","ping_status":"closed","template":"","meta":{"_acf_changed":false,"_monsterinsights_skip_tracking":false,"_monsterinsights_sitenote_active":false,"_monsterinsights_sitenote_note":"","_monsterinsights_sitenote_category":0},"elerheto":[],"product_brand":[],"product_cat":[35],"product_tag":[54],"class_list":{"0":"post-329","1":"product","2":"type-product","3":"status-publish","4":"has-post-thumbnail","6":"product_cat-royal-roast","7":"product_tag-espresso","9":"first","10":"instock","11":"taxable","12":"shipping-taxable","13":"purchasable","14":"product-type-variable"},"acf":[],"jetpack_sharing_enabled":true,"_links":{"self":[{"href":"https:\/\/groundroastery.com\/en\/wp-json\/wp\/v2\/product\/329","targetHints":{"allow":["GET"]}}],"collection":[{"href":"https:\/\/groundroastery.com\/en\/wp-json\/wp\/v2\/product"}],"about":[{"href":"https:\/\/groundroastery.com\/en\/wp-json\/wp\/v2\/types\/product"}],"replies":[{"embeddable":true,"href":"https:\/\/groundroastery.com\/en\/wp-json\/wp\/v2\/comments?post=329"}],"wp:featuredmedia":[{"embeddable":true,"href":"https:\/\/groundroastery.com\/en\/wp-json\/wp\/v2\/media\/1719"}],"wp:attachment":[{"href":"https:\/\/groundroastery.com\/en\/wp-json\/wp\/v2\/media?parent=329"}],"wp:term":[{"taxonomy":"elerheto","embeddable":true,"href":"https:\/\/groundroastery.com\/en\/wp-json\/wp\/v2\/elerheto?post=329"},{"taxonomy":"product_brand","embeddable":true,"href":"https:\/\/groundroastery.com\/en\/wp-json\/wp\/v2\/product_brand?post=329"},{"taxonomy":"product_cat","embeddable":true,"href":"https:\/\/groundroastery.com\/en\/wp-json\/wp\/v2\/product_cat?post=329"},{"taxonomy":"product_tag","embeddable":true,"href":"https:\/\/groundroastery.com\/en\/wp-json\/wp\/v2\/product_tag?post=329"}],"curies":[{"name":"wp","href":"https:\/\/api.w.org\/{rel}","templated":true}]}}